{"id":659,"date":"2021-05-11T14:56:56","date_gmt":"2021-05-11T12:56:56","guid":{"rendered":"http:\/\/webs4ladies.de\/?page_id=659"},"modified":"2024-02-20T21:28:13","modified_gmt":"2024-02-20T20:28:13","slug":"kontakt","status":"publish","type":"page","link":"https:\/\/www.bruenniger-hauk.de\/home\/kontakt\/","title":{"rendered":"Kontakt"},"content":{"rendered":"<!--themify_builder_content-->\n<div id=\"themify_builder_content-659\" data-postid=\"659\" class=\"themify_builder_content themify_builder_content-659 themify_builder tf_clear\">\n                    <div  data-lazy=\"1\" class=\"module_row themify_builder_row tb_8w8y660 tb_first tf_w\">\n                        <div class=\"row_inner col_align_top tb_col_count_2 tf_box tf_rel\">\n                        <div  data-lazy=\"1\" class=\"module_column tb-column col4-2 tb_vbbc661 first\">\n                    <!-- module contact -->\n<div  id=\"tb_ronb182\" class=\"module module-contact tb_ronb182 contact-style1 \" data-lazy=\"1\">\n    <h3 class=\"module-title\">Unser Kontaktformular<\/h3>\n\t<form class=\"builder-contact\"\n\t\tid=\"tb_ronb182-form\"\n\t\tmethod=\"post\"\n\t\tdata-post-id=\"659\"\n\t\tdata-element-id=\"ronb182\"\n\t\tdata-orig-id=\"659\"\n\t>\n    <div class=\"contact-message\"><\/div>\n\t<input type=\"hidden\" id=\"bc_nonce\" name=\"bc_nonce\" value=\"4ab325bfce\" \/><input type=\"hidden\" name=\"_wp_http_referer\" value=\"\/home\/wp-json\/wp\/v2\/pages\/659\" \/>\t<div class=\"builder-contact-fields tf_rel\">\n\t\t    \t\t    \t\t    <div class=\"builder-contact-field builder-contact-field-extra builder-contact-text-field\">\n\t\t\t\t\n\t\t\t\t<label class=\"control-label\" for=\"field_extra_tb_ronb182_0\">\n\t\t\t\t\t\n\t\t\t\t\tAnrede \/ Herr \/ Frau\t\t\t\t\t\t\t\t\t\t\t<input type=\"hidden\" name=\"field_extra_name_0\" value=\"Anrede \/ Herr \/ Frau\">\n\t\t\t\t\t\t\t\t\t\t\t<span class=\"required\">*<\/span>\n\t\t\t\t\t\t\t\t\t<\/label>\n\t\t\t\t<div class=\"control-input tf_rel\">\n\t\t\t\t\t\t\t\t\t\t\t<input type=\"text\" name=\"field_extra_0\" id=\"field_extra_tb_ronb182_0\" placeholder=\"\" class=\"form-control\" required>\n\t\t\t\t\t\n\t\t\t\t\t\t\t\t\t<\/div>\n\t\t    <\/div>\n\t    \n\t\t    \t\t    <div class=\"builder-contact-field builder-contact-field-name builder-contact-text-field\">\n\t\t\t    <label class=\"control-label\" for=\"tb_ronb182-contact-name\">\n\t\t\t\t\t\t\t\t\t\t<span class=\"tb-label-span\">Vorname <\/span><span class=\"required\">*<\/span>\t\t\t\t<\/label>\n\t\t\t    <div class=\"control-input tf_rel\">\n\t\t\t\t    \t\t\t\t\t    <input type=\"text\" name=\"contact-name\" placeholder=\"\" id=\"tb_ronb182-contact-name\" value=\"\" class=\"form-control\" required>\n\t\t\t\t    \t\t\t\t    \t\t\t    <\/div>\n\t\t<\/div>\n\t    \n\t\t    \t\t    \t\t    <div class=\"builder-contact-field builder-contact-field-extra builder-contact-text-field\">\n\t\t\t\t\n\t\t\t\t<label class=\"control-label\" for=\"field_extra_tb_ronb182_1\">\n\t\t\t\t\t\n\t\t\t\t\tNachname\t\t\t\t\t\t\t\t\t\t\t<input type=\"hidden\" name=\"field_extra_name_1\" value=\"Nachname\">\n\t\t\t\t\t\t\t\t\t\t\t<span class=\"required\">*<\/span>\n\t\t\t\t\t\t\t\t\t<\/label>\n\t\t\t\t<div class=\"control-input tf_rel\">\n\t\t\t\t\t\t\t\t\t\t\t<input type=\"text\" name=\"field_extra_1\" id=\"field_extra_tb_ronb182_1\" placeholder=\"\" class=\"form-control\" required>\n\t\t\t\t\t\n\t\t\t\t\t\t\t\t\t<\/div>\n\t\t    <\/div>\n\t    \n\t\t    \t\t    <div class=\"builder-contact-field builder-contact-field-email builder-contact-text-field\">\n\t\t\t    <label class=\"control-label\" for=\"tb_ronb182-contact-email\">\n\t\t\t\t\t\t\t\t\t\t<span class=\"tb-label-span\">Email-Adresse <\/span><span class=\"required\">*<\/span>\t\t\t\t<\/label>\n\t\t\t    <div class=\"control-input tf_rel\">\n\t\t\t\t    \t\t\t\t\t    <input type=\"email\" name=\"contact-email\" placeholder=\"\" id=\"tb_ronb182-contact-email\" value=\"\" class=\"form-control\" required>\n\t\t\t\t    \t\t\t\t    \t\t\t    <\/div>\n\t\t<\/div>\n\t    \n\t\t    \t\t    \t\t    <div class=\"builder-contact-field builder-contact-field-extra builder-contact-textarea-field\">\n\t\t\t\t\n\t\t\t\t<label class=\"control-label\" for=\"field_extra_tb_ronb182_2\">\n\t\t\t\t\t\n\t\t\t\t\tIhre aktuelle Adresse\t\t\t\t\t\t\t\t\t\t\t<input type=\"hidden\" name=\"field_extra_name_2\" value=\"Ihre aktuelle Adresse\">\n\t\t\t\t\t\t\t\t\t\t\t<span class=\"required\">*<\/span>\n\t\t\t\t\t\t\t\t\t<\/label>\n\t\t\t\t<div class=\"control-input tf_rel\">\n\t\t\t\t\t\t\t\t\t\t\t<textarea name=\"field_extra_2\" id=\"field_extra_tb_ronb182_2\" placeholder=\"\" class=\"form-control\" required><\/textarea>\n\t\t\t\t\t\n\t\t\t\t\t\t\t\t\t<\/div>\n\t\t    <\/div>\n\t    \n\t\t    \t\t    \t\t    <div class=\"builder-contact-field builder-contact-field-extra builder-contact-text-field builder-contact-tel-field\">\n\t\t\t\t\n\t\t\t\t<label class=\"control-label\" for=\"field_extra_tb_ronb182_3\">\n\t\t\t\t\t\n\t\t\t\t\tIhre Telefonnummer\t\t\t\t\t\t\t\t\t\t\t<input type=\"hidden\" name=\"field_extra_name_3\" value=\"Ihre Telefonnummer\">\n\t\t\t\t\t\t\t\t\t\t\t<span class=\"required\">*<\/span>\n\t\t\t\t\t\t\t\t\t<\/label>\n\t\t\t\t<div class=\"control-input tf_rel\">\n\t\t\t\t\t\t\t\t\t\t\t<input type=\"tel\" name=\"field_extra_3\" id=\"field_extra_tb_ronb182_3\" placeholder=\"\" class=\"form-control\" required>\n\t\t\t\t\t\n\t\t\t\t\t\t\t\t\t<\/div>\n\t\t    <\/div>\n\t    \n\t\t    \t\t    <div class=\"builder-contact-field builder-contact-field-subject builder-contact-text-field\">\n\t\t\t    <label class=\"control-label\" for=\"tb_ronb182-contact-subject\">\n\t\t\t\t\t\t\t\t\t\t<span class=\"tb-label-span\">Betreff  <\/span><span class=\"required\">*<\/span>\t\t\t\t<\/label>\n\t\t\t    <div class=\"control-input tf_rel\">\n\t\t\t\t    \t\t\t\t\t    <input type=\"text\" name=\"contact-subject\" placeholder=\"z.B. Objektnummer \/ Ihr Anliegen\" id=\"tb_ronb182-contact-subject\" value=\"\" class=\"form-control\" required>\n\t\t\t\t    \t\t\t\t    \t\t\t    <\/div>\n\t\t<\/div>\n\t    \n\t\t    \t\t    <div class=\"builder-contact-field builder-contact-field-message builder-contact-textarea-field\">\n\t\t\t    <label class=\"control-label\" for=\"tb_ronb182-contact-message\">\n\t\t\t\t\t\t\t\t\t\t<span class=\"tb-label-span\">Nachricht <\/span>\t\t\t\t<\/label>\n\t\t\t    <div class=\"control-input tf_rel\">\n\t\t\t\t    \t\t\t\t\t    <textarea name=\"contact-message\" placeholder=\"\" id=\"tb_ronb182-contact-message\" class=\"form-control\"><\/textarea>\n\t\t\t\t    \t\t\t\t    \t\t\t    <\/div>\n\t\t<\/div>\n\t    \n\t\t    \t\t<div class=\"builder-contact-field builder-contact-field-sendcopy\">\n\t\t    <div class=\"control-label\">\n\t\t\t\t<div class=\"control-input tf_rel\">\n\t\t\t\t\t<label class=\"send-copy\">\n\t\t\t\t\t\t<input type=\"checkbox\" name=\"contact-sendcopy\" id=\"tb_ronb182-sendcopy\" value=\"1\">\n\t\t\t\t\t\t<span>Kopie per Email erhalten ?<\/span>\n\t\t\t\t\t<\/label>\n\t\t\t\t<\/div>\n\t\t    <\/div>\n\t\t<\/div>\n\t    \t\t\n\t\t\t\t\t<div class=\"builder-contact-field builder-contact-field-gdpr\">\n\t\t\t\t<div class=\"control-label\">\n\t\t\t\t\t<div class=\"control-input tf_rel\">\n\t\t\t\t\t\t<label class=\"field-gdpr\">\n\t\t\t\t\t\t\t<input type=\"checkbox\" name=\"gdpr\" value=\"1\" required>\n\t\t\t\t\t\t\t<span><a href=\"http:\/\/www.webs4ladies.de\/datenschutzerklaerung\/\" target=\"_blank\" rel=\"noopener\">Datenschutzerkl\u00e4rung<\/a> zustimmen.<br>\nIch habe die Datenschutzerkl\u00e4rung zur Kenntnis genommen.<br> \nIch stimme zu, dass meine Angaben und Daten zur Beantwortung <br>\nmeiner Anfrage elektronisch erhoben und gespeichert werden.<br>\nHinweis: Du kannst Deine Einwilligung jederzeit f\u00fcr die Zukunft per E-Mail an  kontakt@bruenniger-hauk.de widerrufen.<\/span>\n\t\t\t\t\t\t\t<span class=\"required\">*<\/span>\n\t\t\t\t\t\t<\/label>\n\t\t\t\t\t<\/div>\n\t\t\t\t<\/div>\n\t\t\t<\/div>\n\t\t\n\t    \t\t\t<div class=\"builder-contact-field builder-contact-field-captcha\">\n\n\t\t\t\t\n\t\t\t\t<div class=\"control-input tf_rel\">\n                    <div class=\"themify_captcha_field \" data-sitekey=\"6LfgB3opAAAAAC6-wV23_9-3SBT9yB7Eksvb-D0z\" data-ver=\"v3\"><\/div>\t\t\t\t<\/div>\n\n\t\t\t<\/div><!-- .builder-contact-field-captcha -->\n\t    \n\t    <div class=\"builder-contact-field builder-contact-field-send control-input tf_textl tf_clear tf_rel\">\n\t\t\t<button type=\"submit\" class=\"btn btn-primary\">\n\t\t\t\t<span class=\"tf_loader\"><\/span>\t\t\t\t<span class=\"tf_submit_icon\"><\/span> \n\t\t\t\tAbsenden\t\t\t<\/button>\n\t    <\/div>\n\t<\/div>\n    <\/form>\n    <\/div>\n<!-- \/module contact -->\n        <\/div>\n                    <div  data-lazy=\"1\" class=\"module_column tb-column col4-2 tb_fnf551 last\">\n                    <!-- module text -->\n<div  class=\"module module-text tb_64nt979   \" data-lazy=\"1\">\n        <div  class=\"tb_text_wrap\">\n        <p><img loading=\"lazy\" decoding=\"async\" class=\"aligncenter wp-image-21 size-full\" src=\"https:\/\/www.bruenniger-hauk.de\/home\/wp-content\/uploads\/1619\/88\/Logo-kl.jpg\" alt=\"\" width=\"259\" height=\"154\"><\/p>    <\/div>\n<\/div>\n<!-- \/module text --><!-- module text -->\n<div  class=\"module module-text tb_xitz329   \" data-lazy=\"1\">\n        <div  class=\"tb_text_wrap\">\n        <div class=\"wpb_text_column wpb_content_element vc_custom_1532954684896\">\n<div class=\"wpb_wrapper\">\n<p>Sollten Sie auf unseren Seiten keine f\u00fcr Sie zutreffende Immobilie gefunden haben, sprechen Sie uns bitte pers\u00f6nlich an, oder nutzen Sie das nebenstehende Kontaktformular.<\/p>\n<p>Sie m\u00f6chten eine Immobilie ver\u00e4u\u00dfern und ben\u00f6tigen kompetente Unterst\u00fctzung? Wir sind f\u00fcr Sie da!<\/p>\n<p><span id=\"bignormal\"><strong>Br\u00fcnniger + Hauk Immobilien<br>Inh. Susanne Hagemeier<br>Marktstr. 7<br>38640 Goslar<\/strong><\/span><\/p>\n<p>Tel: 05321 \u2013 68 56 50<br>Fax: 05321 \u2013 68 56 53<br>E-Mail:\u00a0<a href=\"mailto:immobilien@bruenniger-hauk.de\">immobilien@bruenniger-hauk.de<\/a><\/p>\n<h6><span id=\"bignormal\"><strong>B\u00fcro-\u00d6ffnungszeiten:<br><\/strong>Montag \u2013 Freitag, 9:00 \u2013 17:00 Uhr<\/span><\/h6>\n<\/div>\n<\/div>    <\/div>\n<\/div>\n<!-- \/module text -->        <\/div>\n                        <\/div>\n        <\/div>\n                        <div  data-lazy=\"1\" class=\"module_row themify_builder_row tb_odyu582 tf_w\">\n                        <div class=\"row_inner col_align_top tb_col_count_1 tf_box tf_rel\">\n                        <div  data-lazy=\"1\" class=\"module_column tb-column col-full tb_hgz2582 first\">\n                            <div  data-lazy=\"1\" class=\"module_subrow themify_builder_sub_row tf_w col_align_top tb_col_count_1 tb_046g196\">\n                <div  data-lazy=\"1\" class=\"module_column sub_column col-full tb_ld8j196 first\">\n                    <!-- module image -->\n<div  class=\"module module-image tb_odan709 image-top   tf_mw\" data-lazy=\"1\">\n        <div class=\"image-wrap tf_rel tf_mw\">\n            <img loading=\"lazy\" decoding=\"async\" width=\"2514\" height=\"130\" src=\"https:\/\/www.bruenniger-hauk.de\/home\/wp-content\/uploads\/2024\/01\/dbi_divider.png\" class=\"wp-post-image wp-image-1061\" title=\"DBI - Das B\u00fcro f\u00fcr Immobilien Goslar Harz\" alt=\"DBI - Das B\u00fcro f\u00fcr Immobilien Goslar Harz\" srcset=\"https:\/\/www.bruenniger-hauk.de\/home\/wp-content\/uploads\/2024\/01\/dbi_divider.png 2514w, https:\/\/www.bruenniger-hauk.de\/home\/wp-content\/uploads\/2024\/01\/dbi_divider-300x16.png 300w, https:\/\/www.bruenniger-hauk.de\/home\/wp-content\/uploads\/2024\/01\/dbi_divider-1024x53.png 1024w, https:\/\/www.bruenniger-hauk.de\/home\/wp-content\/uploads\/2024\/01\/dbi_divider-768x40.png 768w, https:\/\/www.bruenniger-hauk.de\/home\/wp-content\/uploads\/2024\/01\/dbi_divider-1536x79.png 1536w, https:\/\/www.bruenniger-hauk.de\/home\/wp-content\/uploads\/2024\/01\/dbi_divider-2048x106.png 2048w\" sizes=\"auto, (max-width: 2514px) 100vw, 2514px\" \/>    \n        <\/div>\n    <!-- \/image-wrap -->\n    \n        <\/div>\n<!-- \/module image -->        <\/div>\n                    <\/div>\n        <!-- module text -->\n<div  class=\"module module-text tb_q2el320   \" data-lazy=\"1\">\n        <div  class=\"tb_text_wrap\">\n        <p><span style=\"font-size: 18pt;\">Hier finden Sie uns!<\/span><\/p>    <\/div>\n<\/div>\n<!-- \/module text --><!-- module text -->\n<div  class=\"module module-text tb_p89f140   \" data-lazy=\"1\">\n        <div  class=\"tb_text_wrap\">\n        <p><iframe loading=\"lazy\" src=\"https:\/\/www.google.com\/maps\/embed?pb=!1m18!1m12!1m3!1d2461.553060161016!2d10.42413595172033!3d51.90561997960292!2m3!1f0!2f0!3f0!3m2!1i1024!2i768!4f13.1!3m3!1m2!1s0x47a5409be9a4961d%3A0x8facbacb9ba9ba1c!2sMarktstra%C3%9Fe+7%2C+38640+Goslar!5e0!3m2!1sde!2sde!4v1528196748165\" width=\"100%\" height=\"450\" frameborder=\"0\" style=\"border:0\" allowfullscreen><\/iframe><\/p>\n    <\/div>\n<\/div>\n<!-- \/module text -->        <\/div>\n                        <\/div>\n        <\/div>\n        <\/div>\n<!--\/themify_builder_content-->","protected":false},"excerpt":{"rendered":"<p>Unser Kontaktformular Anrede \/ Herr \/ Frau * Vorname * Nachname * Email-Adresse * Ihre aktuelle Adresse * Ihre Telefonnummer * Betreff * Nachricht Kopie per Email erhalten ? Datenschutzerkl\u00e4rung zustimmen. Ich habe die Datenschutzerkl\u00e4rung zur Kenntnis genommen. Ich stimme zu, dass meine Angaben und Daten zur Beantwortung meiner Anfrage elektronisch erhoben und gespeichert werden. [&hellip;]<\/p>\n","protected":false},"author":1,"featured_media":0,"parent":0,"menu_order":0,"comment_status":"closed","ping_status":"closed","template":"","meta":{"footnotes":""},"class_list":["post-659","page","type-page","status-publish","hentry","has-post-title","has-post-date","has-post-category","has-post-tag","has-post-comment","has-post-author",""],"_links":{"self":[{"href":"https:\/\/www.bruenniger-hauk.de\/home\/wp-json\/wp\/v2\/pages\/659","targetHints":{"allow":["GET"]}}],"collection":[{"href":"https:\/\/www.bruenniger-hauk.de\/home\/wp-json\/wp\/v2\/pages"}],"about":[{"href":"https:\/\/www.bruenniger-hauk.de\/home\/wp-json\/wp\/v2\/types\/page"}],"author":[{"embeddable":true,"href":"https:\/\/www.bruenniger-hauk.de\/home\/wp-json\/wp\/v2\/users\/1"}],"replies":[{"embeddable":true,"href":"https:\/\/www.bruenniger-hauk.de\/home\/wp-json\/wp\/v2\/comments?post=659"}],"version-history":[{"count":22,"href":"https:\/\/www.bruenniger-hauk.de\/home\/wp-json\/wp\/v2\/pages\/659\/revisions"}],"predecessor-version":[{"id":1518,"href":"https:\/\/www.bruenniger-hauk.de\/home\/wp-json\/wp\/v2\/pages\/659\/revisions\/1518"}],"wp:attachment":[{"href":"https:\/\/www.bruenniger-hauk.de\/home\/wp-json\/wp\/v2\/media?parent=659"}],"curies":[{"name":"wp","href":"https:\/\/api.w.org\/{rel}","templated":true}]}}